{"id":4588,"date":"2024-11-21T20:16:09","date_gmt":"2024-11-21T18:16:09","guid":{"rendered":"http:\/\/balancemedia.hu\/?page_id=4588"},"modified":"2025-08-25T09:21:00","modified_gmt":"2025-08-25T07:21:00","slug":"social-media-manager-allashirdetes","status":"publish","type":"page","link":"https:\/\/balancemedia.hu\/en\/social-media-manager-allashirdetes\/","title":{"rendered":"Social media manager \u00e1ll\u00e1shirdet\u00e9s"},"content":{"rendered":"\t\t<div data-elementor-type=\"wp-page\" data-elementor-id=\"4588\" class=\"elementor elementor-4588\" data-elementor-post-type=\"page\">\n\t\t\t\t\t\t<section class=\"elementor-section elementor-top-section elementor-element elementor-element-0f75ac6 elementor-reverse-mobile elementor-section-boxed elementor-section-height-default elementor-section-height-default\" data-id=\"0f75ac6\" data-element_type=\"section\" data-e-type=\"section\" data-settings=\"{&quot;jet_parallax_layout_list&quot;:[{&quot;_id&quot;:&quot;b734d3c&quot;,&quot;jet_parallax_layout_speed&quot;:{&quot;unit&quot;:&quot;%&quot;,&quot;size&quot;:&quot;50&quot;,&quot;sizes&quot;:[]},&quot;jet_parallax_layout_bg_x&quot;:&quot;90&quot;,&quot;jet_parallax_layout_bg_y&quot;:&quot;&quot;,&quot;jet_parallax_layout_bg_size&quot;:&quot;contain&quot;,&quot;jet_parallax_layout_animation_prop&quot;:&quot;bgposition&quot;,&quot;jet_parallax_layout_image&quot;:{&quot;url&quot;:&quot;&quot;,&quot;id&quot;:&quot;&quot;,&quot;size&quot;:&quot;&quot;},&quot;jet_parallax_layout_image_tablet&quot;:{&quot;url&quot;:&quot;&quot;,&quot;id&quot;:&quot;&quot;,&quot;size&quot;:&quot;&quot;},&quot;jet_parallax_layout_image_mobile&quot;:{&quot;url&quot;:&quot;&quot;,&quot;id&quot;:&quot;&quot;,&quot;size&quot;:&quot;&quot;},&quot;jet_parallax_layout_type&quot;:&quot;scroll&quot;,&quot;jet_parallax_layout_direction&quot;:&quot;1&quot;,&quot;jet_parallax_layout_fx_direction&quot;:null,&quot;jet_parallax_layout_z_index&quot;:&quot;&quot;,&quot;jet_parallax_layout_bg_x_tablet&quot;:&quot;&quot;,&quot;jet_parallax_layout_bg_x_mobile&quot;:&quot;&quot;,&quot;jet_parallax_layout_bg_y_tablet&quot;:&quot;&quot;,&quot;jet_parallax_layout_bg_y_mobile&quot;:&quot;&quot;,&quot;jet_parallax_layout_bg_size_tablet&quot;:&quot;&quot;,&quot;jet_parallax_layout_bg_size_mobile&quot;:&quot;&quot;,&quot;jet_parallax_layout_on&quot;:[&quot;desktop&quot;,&quot;tablet&quot;]}],&quot;background_background&quot;:&quot;classic&quot;,&quot;animation&quot;:&quot;none&quot;,&quot;shape_divider_top&quot;:&quot;triangle-asymmetrical&quot;}\">\n\t\t\t\t\t\t\t<div class=\"elementor-background-overlay\"><\/div>\n\t\t\t\t\t\t<div class=\"elementor-shape elementor-shape-top\" aria-hidden=\"true\" data-negative=\"false\">\n\t\t\t<svg xmlns=\"http:\/\/www.w3.org\/2000\/svg\" viewBox=\"0 0 1000 100\" preserveAspectRatio=\"none\">\n\t<path class=\"elementor-shape-fill\" d=\"M738,99l262-93V0H0v5.6L738,99z\"\/>\n<\/svg>\t\t<\/div>\n\t\t\t\t\t<div class=\"elementor-container elementor-column-gap-default\">\n\t\t\t\t\t<div class=\"elementor-column elementor-col-100 elementor-top-column elementor-element elementor-element-4c185cf\" data-id=\"4c185cf\" data-element_type=\"column\" data-e-type=\"column\" data-settings=\"{&quot;background_background&quot;:&quot;classic&quot;}\">\n\t\t\t<div class=\"elementor-widget-wrap elementor-element-populated\">\n\t\t\t\t\t\t<div class=\"elementor-element elementor-element-ce23cf1 elementor-widget elementor-widget-heading\" data-id=\"ce23cf1\" data-element_type=\"widget\" data-e-type=\"widget\" data-widget_type=\"heading.default\">\n\t\t\t\t<div class=\"elementor-widget-container\">\n\t\t\t\t\t<h1 class=\"elementor-heading-title elementor-size-default\">Social media manager\/tartalomk\u00e9sz\u00edt\u0151 \u00e1ll\u00e1shirdet\u00e9s\n<\/h1>\t\t\t\t<\/div>\n\t\t\t\t<\/div>\n\t\t\t\t<div class=\"elementor-element elementor-element-e64b72c elementor-widget elementor-widget-text-editor\" data-id=\"e64b72c\" data-element_type=\"widget\" data-e-type=\"widget\" data-widget_type=\"text-editor.default\">\n\t\t\t\t<div class=\"elementor-widget-container\">\n\t\t\t\t\t\t\t\t\t<p>Szeretn\u00e9d a kreativit\u00e1sodat \u00e9s a social media ir\u00e1nti szenved\u00e9lyedet profi szintre emelni egy t\u00e1mogat\u00f3 \u00e9s bar\u00e1ti k\u00f6rnyezetben? Akkor ez a lehet\u0151s\u00e9g neked sz\u00f3l!<\/p>\t\t\t\t\t\t\t\t<\/div>\n\t\t\t\t<\/div>\n\t\t\t\t\t<\/div>\n\t\t<\/div>\n\t\t\t\t\t<\/div>\n\t\t<\/section>\n\t\t\t\t<section class=\"elementor-section elementor-top-section elementor-element elementor-element-e89f23c elementor-section-boxed elementor-section-height-default elementor-section-height-default\" data-id=\"e89f23c\" data-element_type=\"section\" data-e-type=\"section\" data-settings=\"{&quot;jet_parallax_layout_list&quot;:[{&quot;jet_parallax_layout_image&quot;:{&quot;url&quot;:&quot;&quot;,&quot;id&quot;:&quot;&quot;,&quot;size&quot;:&quot;&quot;},&quot;_id&quot;:&quot;64d8b1f&quot;,&quot;jet_parallax_layout_image_tablet&quot;:{&quot;url&quot;:&quot;&quot;,&quot;id&quot;:&quot;&quot;,&quot;size&quot;:&quot;&quot;},&quot;jet_parallax_layout_image_mobile&quot;:{&quot;url&quot;:&quot;&quot;,&quot;id&quot;:&quot;&quot;,&quot;size&quot;:&quot;&quot;},&quot;jet_parallax_layout_speed&quot;:{&quot;unit&quot;:&quot;%&quot;,&quot;size&quot;:50,&quot;sizes&quot;:[]},&quot;jet_parallax_layout_type&quot;:&quot;scroll&quot;,&quot;jet_parallax_layout_direction&quot;:&quot;1&quot;,&quot;jet_parallax_layout_fx_direction&quot;:null,&quot;jet_parallax_layout_z_index&quot;:&quot;&quot;,&quot;jet_parallax_layout_bg_x&quot;:50,&quot;jet_parallax_layout_bg_x_tablet&quot;:&quot;&quot;,&quot;jet_parallax_layout_bg_x_mobile&quot;:&quot;&quot;,&quot;jet_parallax_layout_bg_y&quot;:50,&quot;jet_parallax_layout_bg_y_tablet&quot;:&quot;&quot;,&quot;jet_parallax_layout_bg_y_mobile&quot;:&quot;&quot;,&quot;jet_parallax_layout_bg_size&quot;:&quot;auto&quot;,&quot;jet_parallax_layout_bg_size_tablet&quot;:&quot;&quot;,&quot;jet_parallax_layout_bg_size_mobile&quot;:&quot;&quot;,&quot;jet_parallax_layout_animation_prop&quot;:&quot;transform&quot;,&quot;jet_parallax_layout_on&quot;:[&quot;desktop&quot;,&quot;tablet&quot;]}]}\">\n\t\t\t\t\t\t<div class=\"elementor-container elementor-column-gap-default\">\n\t\t\t\t\t<div class=\"elementor-column elementor-col-100 elementor-top-column elementor-element elementor-element-2c7f9dd\" data-id=\"2c7f9dd\" data-element_type=\"column\" data-e-type=\"column\">\n\t\t\t<div class=\"elementor-widget-wrap elementor-element-populated\">\n\t\t\t\t\t\t<div class=\"elementor-element elementor-element-4c3c871 elementor-widget elementor-widget-text-editor\" data-id=\"4c3c871\" data-element_type=\"widget\" data-e-type=\"widget\" data-widget_type=\"text-editor.default\">\n\t\t\t\t<div class=\"elementor-widget-container\">\n\t\t\t\t\t\t\t\t\t<h3><strong>A munkak\u00f6r r\u00f6viden<\/strong><\/h3><p>Social Media Manager\/taralomk\u00e9sz\u00edt\u0151k\u00e9nt a k\u00f6vetkez\u0151 feladatok v\u00e1rnak r\u00e1d:<\/p><ul><li><strong>Tartalomk\u00e9sz\u00edt\u00e9s \u00e9s tartalomkezel\u00e9s<\/strong>: Posztok tervez\u00e9se, sz\u00f6veg\u00edr\u00e1s, k\u00e9pek \u00e9s vide\u00f3k k\u00e9sz\u00edt\u00e9se\/koordin\u00e1l\u00e1sa a k\u00f6vetkez\u0151 platformokra: Facebook. Instagram, TikTok.<\/li><li><strong>Strat\u00e9giaalkot\u00e1s<\/strong>: Kreat\u00edv \u00f6tletek kidolgoz\u00e1sa az \u00fcgyfelek online jelenl\u00e9t\u00e9nek n\u00f6vel\u00e9s\u00e9re.<\/li><li><strong>Elemz\u00e9s \u00e9s riport\u00e1l\u00e1s<\/strong>: A social median el\u00e9rt eredm\u00e9nyek nyomon k\u00f6vet\u00e9se \u00e9s visszajelz\u00e9s k\u00e9sz\u00edt\u00e9se.<\/li><li><strong>K\u00f6z\u00f6ss\u00e9g\u00e9p\u00edt\u00e9s<\/strong>: Kommentek kezel\u00e9se, \u00fczenetek megv\u00e1laszol\u00e1sa, k\u00f6z\u00f6ss\u00e9gi aktivit\u00e1sok \u00f6szt\u00f6nz\u00e9se.<\/li><\/ul><p><strong>Fontos!<\/strong>\u00a0Csak olyan \u00fcgyfelekkel dolgozunk, akikkel bar\u00e1ti a viszony, \u00e9s ha valamihez \u00e9ppen nincs kedved, megbesz\u00e9lhetj\u00fck\u2013 n\u00e1lunk val\u00f3ban te vagy a f\u00f3kuszban!\u00a0<\/p><hr \/><h3><strong>Amit k\u00edn\u00e1lunk neked<\/strong><\/h3><ul><li><strong>Munkaid\u0151<\/strong>: Heti 40 \u00f3r\u00e1s munkav\u00e9gz\u00e9s. A munkaid\u0151 8:30-17:00 \u00f3r\u00e1ig tart, f\u00e9l \u00f3r\u00e1s eb\u00e9dsz\u00fcnettel.<\/li><li><strong>Helysz\u00edn<\/strong>: Heti <strong>3 nap Dunakeszi irod\u00e1ban<\/strong>, a m\u00e1sik <strong>2 nap home office<\/strong>.<\/li><li><strong>Fizet\u00e9s<\/strong>: A jelenlegi tud\u00e1sszinted \u00e9s megbesz\u00e9l\u00e9s alapj\u00e1n, versenyk\u00e9pes csomaggal.<\/li><li><strong>Kezd\u00e9s<\/strong>: Azonnal!<\/li><\/ul><hr \/><h3><strong>Amit elv\u00e1runk t\u0151led<\/strong><\/h3><ul><li><strong>T\u00f6k\u00e9letes helyes\u00edr\u00e1s<\/strong> \u2013 ez n\u00e1lunk elengedhetetlen. Hamar kider\u00fcl az ellenkez\u0151je, ha nem rendelkezel vele.<\/li><li>Mesters\u00e9ges intelligencia k\u00f6zepesn\u00e9l magasabb szint\u0171 ismerete, promptol\u00e1s k\u00e9pess\u00e9ge.\u00a0<\/li><li>Tapasztalat a k\u00f6z\u00f6ss\u00e9gi m\u00e9dia platformok magas szint\u0171, c\u00e9lf\u00f3kusz\u00fa kezel\u00e9s\u00e9ben (Facebook, Instagram, TikTok).<\/li><li>Kreativit\u00e1s \u00e9s \u00f6n\u00e1ll\u00f3 munkav\u00e9gz\u00e9s &#8211; term\u00e9szetesen seg\u00edt\u00fcnk ha elakad\u00e1s van, de sz\u00fcks\u00e9ges az \u00f6n\u00e1ll\u00f3s\u00e1g<\/li><li>Nyitott \u00e9s bar\u00e1ts\u00e1gos hozz\u00e1\u00e1ll\u00e1s, hiszen \u00fcgyfeleinkkel hossz\u00fa t\u00e1v\u00fa, pozit\u00edv kapcsolatot \u00e9p\u00edt\u00fcnk.<\/li><\/ul><hr \/><h3><strong>Hogyan jelentkezz?<\/strong><\/h3><p>Ha sz\u00edvesen csatlakozn\u00e1l hozz\u00e1nk, t\u00f6ltsd ki a jelentkez\u00e9si formunkat az al\u00e1bbi linken:<br \/><a href=\"http:\/\/balancemedia.hu\/allas-jelentkezes\/\" rel=\"noopener\"><strong>Jelentkez\u00e9si \u0171rlap<\/strong><\/a><\/p><p>V\u00e1rjuk jelentkez\u00e9sedet, \u00e9s rem\u00e9lj\u00fck, hamarosan szem\u00e9lyesen is tal\u00e1lkozunk! \ud83c\udf1f<\/p>\t\t\t\t\t\t\t\t<\/div>\n\t\t\t\t<\/div>\n\t\t\t\t\t<\/div>\n\t\t<\/div>\n\t\t\t\t\t<\/div>\n\t\t<\/section>\n\t\t\t\t<\/div>\n\t\t","protected":false},"excerpt":{"rendered":"<p>Social media manager\/tartalomk\u00e9sz\u00edt\u0151 \u00e1ll\u00e1shirdet\u00e9s Szeretn\u00e9d a kreativit\u00e1sodat \u00e9s a social media ir\u00e1nti szenved\u00e9lyedet profi szintre emelni egy t\u00e1mogat\u00f3 \u00e9s bar\u00e1ti k\u00f6rnyezetben? Akkor ez a lehet\u0151s\u00e9g neked sz\u00f3l! A munkak\u00f6r r\u00f6viden Social Media Manager\/taralomk\u00e9sz\u00edt\u0151k\u00e9nt a k\u00f6vetkez\u0151 feladatok v\u00e1rnak r\u00e1d: Tartalomk\u00e9sz\u00edt\u00e9s \u00e9s tartalomkezel\u00e9s: Posztok tervez\u00e9se, sz\u00f6veg\u00edr\u00e1s, k\u00e9pek \u00e9s vide\u00f3k k\u00e9sz\u00edt\u00e9se\/koordin\u00e1l\u00e1sa a k\u00f6vetkez\u0151 platformokra: Facebook. Instagram, TikTok. Strat\u00e9giaalkot\u00e1s: [&hellip;]<\/p>\n","protected":false},"author":1,"featured_media":1800,"parent":0,"menu_order":0,"comment_status":"closed","ping_status":"closed","template":"elementor_header_footer","meta":{"footnotes":""},"class_list":["post-4588","page","type-page","status-publish","has-post-thumbnail","hentry"],"_links":{"self":[{"href":"https:\/\/balancemedia.hu\/en\/wp-json\/wp\/v2\/pages\/4588","targetHints":{"allow":["GET"]}}],"collection":[{"href":"https:\/\/balancemedia.hu\/en\/wp-json\/wp\/v2\/pages"}],"about":[{"href":"https:\/\/balancemedia.hu\/en\/wp-json\/wp\/v2\/types\/page"}],"author":[{"embeddable":true,"href":"https:\/\/balancemedia.hu\/en\/wp-json\/wp\/v2\/users\/1"}],"replies":[{"embeddable":true,"href":"https:\/\/balancemedia.hu\/en\/wp-json\/wp\/v2\/comments?post=4588"}],"version-history":[{"count":38,"href":"https:\/\/balancemedia.hu\/en\/wp-json\/wp\/v2\/pages\/4588\/revisions"}],"predecessor-version":[{"id":5163,"href":"https:\/\/balancemedia.hu\/en\/wp-json\/wp\/v2\/pages\/4588\/revisions\/5163"}],"wp:featuredmedia":[{"embeddable":true,"href":"https:\/\/balancemedia.hu\/en\/wp-json\/wp\/v2\/media\/1800"}],"wp:attachment":[{"href":"https:\/\/balancemedia.hu\/en\/wp-json\/wp\/v2\/media?parent=4588"}],"curies":[{"name":"wp","href":"https:\/\/api.w.org\/{rel}","templated":true}]}}