{"id":22,"date":"2019-08-10T08:54:44","date_gmt":"2019-08-10T06:54:44","guid":{"rendered":"https:\/\/jupiterx.artbees.net\/agency-2\/?page_id=22"},"modified":"2021-10-07T09:53:59","modified_gmt":"2021-10-07T07:53:59","slug":"rolunk","status":"publish","type":"page","link":"https:\/\/balancemedia.hu\/en\/rolunk\/","title":{"rendered":"About us"},"content":{"rendered":"\t\t<div data-elementor-type=\"wp-post\" data-elementor-id=\"22\" class=\"elementor elementor-22\" data-elementor-post-type=\"page\">\n\t\t\t\t\t\t<section class=\"elementor-section elementor-top-section elementor-element elementor-element-aa48c4b elementor-section-boxed elementor-section-height-default elementor-section-height-default\" data-id=\"aa48c4b\" data-element_type=\"section\" data-e-type=\"section\" data-settings=\"{&quot;jet_parallax_layout_list&quot;:[{&quot;jet_parallax_layout_image&quot;:{&quot;url&quot;:&quot;&quot;,&quot;id&quot;:&quot;&quot;,&quot;size&quot;:&quot;&quot;},&quot;_id&quot;:&quot;155f3a3&quot;,&quot;jet_parallax_layout_image_tablet&quot;:{&quot;url&quot;:&quot;&quot;,&quot;id&quot;:&quot;&quot;,&quot;size&quot;:&quot;&quot;},&quot;jet_parallax_layout_image_mobile&quot;:{&quot;url&quot;:&quot;&quot;,&quot;id&quot;:&quot;&quot;,&quot;size&quot;:&quot;&quot;},&quot;jet_parallax_layout_speed&quot;:{&quot;unit&quot;:&quot;%&quot;,&quot;size&quot;:&quot;50&quot;,&quot;sizes&quot;:[]},&quot;jet_parallax_layout_type&quot;:&quot;scroll&quot;,&quot;jet_parallax_layout_z_index&quot;:&quot;&quot;,&quot;jet_parallax_layout_bg_x&quot;:&quot;50&quot;,&quot;jet_parallax_layout_bg_y&quot;:&quot;50&quot;,&quot;jet_parallax_layout_bg_size&quot;:&quot;auto&quot;,&quot;jet_parallax_layout_animation_prop&quot;:&quot;transform&quot;,&quot;jet_parallax_layout_on&quot;:[&quot;desktop&quot;,&quot;tablet&quot;],&quot;jet_parallax_layout_direction&quot;:&quot;1&quot;,&quot;jet_parallax_layout_fx_direction&quot;:null,&quot;jet_parallax_layout_bg_x_tablet&quot;:&quot;&quot;,&quot;jet_parallax_layout_bg_x_mobile&quot;:&quot;&quot;,&quot;jet_parallax_layout_bg_y_tablet&quot;:&quot;&quot;,&quot;jet_parallax_layout_bg_y_mobile&quot;:&quot;&quot;,&quot;jet_parallax_layout_bg_size_tablet&quot;:&quot;&quot;,&quot;jet_parallax_layout_bg_size_mobile&quot;:&quot;&quot;}]}\">\n\t\t\t\t\t\t<div class=\"elementor-container elementor-column-gap-default\">\n\t\t\t\t\t<div class=\"elementor-column elementor-col-100 elementor-top-column elementor-element elementor-element-190c864\" data-id=\"190c864\" data-element_type=\"column\" data-e-type=\"column\">\n\t\t\t<div class=\"elementor-widget-wrap elementor-element-populated\">\n\t\t\t\t\t\t<div class=\"elementor-element elementor-element-64ecd3a elementor-widget elementor-widget-heading\" data-id=\"64ecd3a\" data-element_type=\"widget\" data-e-type=\"widget\" data-widget_type=\"heading.default\">\n\t\t\t\t<div class=\"elementor-widget-container\">\n\t\t\t\t\t<h2 class=\"elementor-heading-title elementor-size-default\">R\u00f3lunk<\/h2>\t\t\t\t<\/div>\n\t\t\t\t<\/div>\n\t\t\t\t\t<\/div>\n\t\t<\/div>\n\t\t\t\t\t<\/div>\n\t\t<\/section>\n\t\t\t\t<section class=\"elementor-section elementor-top-section elementor-element elementor-element-3d664666 elementor-section-boxed elementor-section-height-default elementor-section-height-default\" data-id=\"3d664666\" data-element_type=\"section\" data-e-type=\"section\" data-settings=\"{&quot;jet_parallax_layout_list&quot;:[{&quot;jet_parallax_layout_image&quot;:{&quot;url&quot;:&quot;&quot;,&quot;id&quot;:&quot;&quot;,&quot;size&quot;:&quot;&quot;},&quot;_id&quot;:&quot;a4fc090&quot;,&quot;jet_parallax_layout_image_tablet&quot;:{&quot;url&quot;:&quot;&quot;,&quot;id&quot;:&quot;&quot;,&quot;size&quot;:&quot;&quot;},&quot;jet_parallax_layout_image_mobile&quot;:{&quot;url&quot;:&quot;&quot;,&quot;id&quot;:&quot;&quot;,&quot;size&quot;:&quot;&quot;},&quot;jet_parallax_layout_speed&quot;:{&quot;unit&quot;:&quot;%&quot;,&quot;size&quot;:&quot;50&quot;,&quot;sizes&quot;:[]},&quot;jet_parallax_layout_type&quot;:&quot;scroll&quot;,&quot;jet_parallax_layout_z_index&quot;:&quot;&quot;,&quot;jet_parallax_layout_bg_x&quot;:&quot;100&quot;,&quot;jet_parallax_layout_bg_y&quot;:&quot;0&quot;,&quot;jet_parallax_layout_bg_size&quot;:&quot;auto&quot;,&quot;jet_parallax_layout_animation_prop&quot;:&quot;transform&quot;,&quot;jet_parallax_layout_on&quot;:[&quot;desktop&quot;,&quot;tablet&quot;],&quot;jet_parallax_layout_direction&quot;:&quot;1&quot;,&quot;jet_parallax_layout_fx_direction&quot;:null,&quot;jet_parallax_layout_bg_x_tablet&quot;:&quot;&quot;,&quot;jet_parallax_layout_bg_x_mobile&quot;:&quot;&quot;,&quot;jet_parallax_layout_bg_y_tablet&quot;:&quot;&quot;,&quot;jet_parallax_layout_bg_y_mobile&quot;:&quot;&quot;,&quot;jet_parallax_layout_bg_size_tablet&quot;:&quot;&quot;,&quot;jet_parallax_layout_bg_size_mobile&quot;:&quot;&quot;}],&quot;background_background&quot;:&quot;classic&quot;}\">\n\t\t\t\t\t\t\t<div class=\"elementor-background-overlay\"><\/div>\n\t\t\t\t\t\t\t<div class=\"elementor-container elementor-column-gap-no\">\n\t\t\t\t\t<div class=\"elementor-column elementor-col-50 elementor-top-column elementor-element elementor-element-5f393bda\" data-id=\"5f393bda\" data-element_type=\"column\" data-e-type=\"column\" data-settings=\"{&quot;background_background&quot;:&quot;classic&quot;}\">\n\t\t\t<div class=\"elementor-widget-wrap elementor-element-populated\">\n\t\t\t\t\t\t<div class=\"elementor-element elementor-element-60da8d69 elementor-widget elementor-widget-spacer\" data-id=\"60da8d69\" data-element_type=\"widget\" data-e-type=\"widget\" data-widget_type=\"spacer.default\">\n\t\t\t\t<div class=\"elementor-widget-container\">\n\t\t\t\t\t\t\t<div class=\"elementor-spacer\">\n\t\t\t<div class=\"elementor-spacer-inner\"><\/div>\n\t\t<\/div>\n\t\t\t\t\t\t<\/div>\n\t\t\t\t<\/div>\n\t\t\t\t\t<\/div>\n\t\t<\/div>\n\t\t\t\t<div class=\"elementor-column elementor-col-50 elementor-top-column elementor-element elementor-element-7572f8b\" data-id=\"7572f8b\" data-element_type=\"column\" data-e-type=\"column\" data-settings=\"{&quot;background_background&quot;:&quot;classic&quot;}\">\n\t\t\t<div class=\"elementor-widget-wrap elementor-element-populated\">\n\t\t\t\t\t\t<div class=\"elementor-element elementor-element-b4cc805 elementor-widget elementor-widget-heading\" data-id=\"b4cc805\" data-element_type=\"widget\" data-e-type=\"widget\" data-widget_type=\"heading.default\">\n\t\t\t\t<div class=\"elementor-widget-container\">\n\t\t\t\t\t<h6 class=\"elementor-heading-title elementor-size-default\">Mi\u00e9rt v\u00e1lasszon minket?<\/h6>\t\t\t\t<\/div>\n\t\t\t\t<\/div>\n\t\t\t\t<div class=\"elementor-element elementor-element-486b18e elementor-widget elementor-widget-heading\" data-id=\"486b18e\" data-element_type=\"widget\" data-e-type=\"widget\" data-widget_type=\"heading.default\">\n\t\t\t\t<div class=\"elementor-widget-container\">\n\t\t\t\t\t<h2 class=\"elementor-heading-title elementor-size-default\">Seg\u00edt\u00fcnk n\u00f6velni elad\u00e1sait<\/h2>\t\t\t\t<\/div>\n\t\t\t\t<\/div>\n\t\t\t\t<div class=\"elementor-element elementor-element-3515a895 elementor-widget elementor-widget-text-editor\" data-id=\"3515a895\" data-element_type=\"widget\" data-e-type=\"widget\" data-widget_type=\"text-editor.default\">\n\t\t\t\t<div class=\"elementor-widget-container\">\n\t\t\t\t\t\t\t\t\t<p>T\u00f6bb, mint t\u00edz \u00e9ve foglalkozunk online marketinggel, ezen bel\u00fcl Facebook posztol\u00e1ssal, Facebook hirdet\u00e9ssel \u00e9s Google hirdet\u00e9ssel, enn\u00e9l is r\u00e9gebben honlapk\u00e9sz\u00edt\u00e9ssel.<\/p><p>Ez az id\u0151szak \u00f3ri\u00e1si tapasztalatokat adott nek\u00fcnk \u00e9s a kezdeti kih\u00edv\u00e1sok megmutatt\u00e1k, hogy profi munk\u00e1t csak profi csapattal vagyunk k\u00e9pesek kiemelked\u0151en elv\u00e9gezni.<\/p><p>\u00c9ppen ez\u00e9rt egyed\u00fcl\u00e1ll\u00f3 m\u00f3don elmondhatjuk magunkr\u00f3l, hogy a prec\u00edz \u00e9s gyors munka, valamint a min\u0151s\u00e9g is egyenesen ar\u00e1nyos \u00fcgyfeleink el\u00e9gedetts\u00e9g\u00e9vel, ami csapatunk sz\u00ednvonal\u00e1t er\u0151s\u00edt\u0151 szakembereink egy\u00fcttes munk\u00e1j\u00e1nak eredm\u00e9nye.<\/p><p>Ennek is h\u00e1la, hogy b\u00fcszk\u00e9n v\u00e1llaljuk \u00e9s aj\u00e1nljuk szolg\u00e1ltat\u00e1sainkat, hiszen k\u00e9pesek vagyunk \u00fcgyfeleinkkel egy\u00fctt gondolkodni, illetve megold\u00e1si javaslatokat is mutatni. Stabil h\u00e1tter\u00fcnknek k\u00f6sz\u00f6nhet\u0151en nem ismerj\u00fck a lehetetlen fogalm\u00e1t, ami\u00e9rt \u00fcgyfeleink nemcsak h\u00e1l\u00e1sak, de mentalit\u00e1sunknak \u00e9s eredm\u00e9nyeinknek k\u00f6sz\u00f6nhet\u0151en tov\u00e1bb is aj\u00e1nlanak minket.<\/p><p>K\u00f6sz\u00f6nj\u00fck ezt az elismer\u00e9st \u00e9s ezt a bizalmat!<\/p>\t\t\t\t\t\t\t\t<\/div>\n\t\t\t\t<\/div>\n\t\t\t\t\t<\/div>\n\t\t<\/div>\n\t\t\t\t\t<\/div>\n\t\t<\/section>\n\t\t\t\t<section class=\"elementor-section elementor-top-section elementor-element elementor-element-52e087de elementor-section-boxed elementor-section-height-default elementor-section-height-default\" data-id=\"52e087de\" data-element_type=\"section\" data-e-type=\"section\" data-settings=\"{&quot;jet_parallax_layout_list&quot;:[{&quot;jet_parallax_layout_image&quot;:{&quot;url&quot;:&quot;&quot;,&quot;id&quot;:&quot;&quot;,&quot;size&quot;:&quot;&quot;},&quot;_id&quot;:&quot;134f50d&quot;,&quot;jet_parallax_layout_image_tablet&quot;:{&quot;url&quot;:&quot;&quot;,&quot;id&quot;:&quot;&quot;,&quot;size&quot;:&quot;&quot;},&quot;jet_parallax_layout_image_mobile&quot;:{&quot;url&quot;:&quot;&quot;,&quot;id&quot;:&quot;&quot;,&quot;size&quot;:&quot;&quot;},&quot;jet_parallax_layout_speed&quot;:{&quot;unit&quot;:&quot;%&quot;,&quot;size&quot;:&quot;50&quot;,&quot;sizes&quot;:[]},&quot;jet_parallax_layout_type&quot;:&quot;scroll&quot;,&quot;jet_parallax_layout_z_index&quot;:&quot;&quot;,&quot;jet_parallax_layout_bg_x&quot;:&quot;50&quot;,&quot;jet_parallax_layout_bg_y&quot;:&quot;50&quot;,&quot;jet_parallax_layout_bg_size&quot;:&quot;auto&quot;,&quot;jet_parallax_layout_animation_prop&quot;:&quot;transform&quot;,&quot;jet_parallax_layout_on&quot;:[&quot;desktop&quot;,&quot;tablet&quot;],&quot;jet_parallax_layout_direction&quot;:&quot;1&quot;,&quot;jet_parallax_layout_fx_direction&quot;:null,&quot;jet_parallax_layout_bg_x_tablet&quot;:&quot;&quot;,&quot;jet_parallax_layout_bg_x_mobile&quot;:&quot;&quot;,&quot;jet_parallax_layout_bg_y_tablet&quot;:&quot;&quot;,&quot;jet_parallax_layout_bg_y_mobile&quot;:&quot;&quot;,&quot;jet_parallax_layout_bg_size_tablet&quot;:&quot;&quot;,&quot;jet_parallax_layout_bg_size_mobile&quot;:&quot;&quot;}]}\">\n\t\t\t\t\t\t<div class=\"elementor-container elementor-column-gap-no\">\n\t\t\t\t\t<div class=\"elementor-column elementor-col-100 elementor-top-column elementor-element elementor-element-6b7531dc\" data-id=\"6b7531dc\" data-element_type=\"column\" data-e-type=\"column\">\n\t\t\t<div class=\"elementor-widget-wrap elementor-element-populated\">\n\t\t\t\t\t\t<div class=\"elementor-element elementor-element-24b45a64 elementor-widget elementor-widget-raven-counter\" data-id=\"24b45a64\" data-element_type=\"widget\" data-e-type=\"widget\" data-settings=\"{&quot;columns&quot;:&quot;4&quot;,&quot;columns_mobile&quot;:&quot;1&quot;,&quot;columns_tablet&quot;:2}\" data-widget_type=\"raven-counter.default\">\n\t\t\t\t<div class=\"elementor-widget-container\">\n\t\t\t\t\t\t\t<div class=\"raven-counter-list raven-flex raven-flex-wrap raven-flex-between raven-flex-middle\">\n\t\t\t\t\t\t\t<div class=\"raven-counter-item\">\n\t\t\t\t\t<div class=\"raven-counter-icon\">\n\t\t\t\t\t\n\t\t\t\t\t<\/div>\n\t\t\t\t\t<div class=\"raven-counter-number-wrapper\">\n\t\t\t\t\t\t<span class=\"raven-counter-number-prefix\"><\/span>\n\t\t\t\t\t\t<span class=\"raven-counter-number\" data-raven-counter=\"\" data-duration=\"2000\" data-to-value=\"4370\">0<\/span>\n\t\t\t\t\t\t<span class=\"raven-counter-number-suffix\"><\/span>\n\t\t\t\t\t<\/div>\n\t\t\t\t\t\t\t\t\t\t\t<div class=\"raven-counter-title\">Facebook poszt<\/div>\n\t\t\t\t\t\t\t\t\t<\/div>\n\t\t\t\t\t\t\t<div class=\"raven-counter-item\">\n\t\t\t\t\t<div class=\"raven-counter-icon\">\n\t\t\t\t\t\n\t\t\t\t\t<\/div>\n\t\t\t\t\t<div class=\"raven-counter-number-wrapper\">\n\t\t\t\t\t\t<span class=\"raven-counter-number-prefix\"><\/span>\n\t\t\t\t\t\t<span class=\"raven-counter-number\" data-raven-counter=\"\" data-duration=\"2000\" data-to-value=\"148\">0<\/span>\n\t\t\t\t\t\t<span class=\"raven-counter-number-suffix\"><\/span>\n\t\t\t\t\t<\/div>\n\t\t\t\t\t\t\t\t\t\t\t<div class=\"raven-counter-title\">El\u00e9gedett \u00fcgyf\u00e9l<\/div>\n\t\t\t\t\t\t\t\t\t<\/div>\n\t\t\t\t\t\t\t<div class=\"raven-counter-item\">\n\t\t\t\t\t<div class=\"raven-counter-icon\">\n\t\t\t\t\t\n\t\t\t\t\t<\/div>\n\t\t\t\t\t<div class=\"raven-counter-number-wrapper\">\n\t\t\t\t\t\t<span class=\"raven-counter-number-prefix\"><\/span>\n\t\t\t\t\t\t<span class=\"raven-counter-number\" data-raven-counter=\"\" data-duration=\"2000\" data-to-value=\"10\">0<\/span>\n\t\t\t\t\t\t<span class=\"raven-counter-number-suffix\">+<\/span>\n\t\t\t\t\t<\/div>\n\t\t\t\t\t\t\t\t\t\t\t<div class=\"raven-counter-title\">\u00c9ve a piacon<\/div>\n\t\t\t\t\t\t\t\t\t<\/div>\n\t\t\t\t\t\t\t<div class=\"raven-counter-item\">\n\t\t\t\t\t<div class=\"raven-counter-icon\">\n\t\t\t\t\t\n\t\t\t\t\t<\/div>\n\t\t\t\t\t<div class=\"raven-counter-number-wrapper\">\n\t\t\t\t\t\t<span class=\"raven-counter-number-prefix\"><\/span>\n\t\t\t\t\t\t<span class=\"raven-counter-number\" data-raven-counter=\"\" data-duration=\"2000\" data-to-value=\"37000\">0<\/span>\n\t\t\t\t\t\t<span class=\"raven-counter-number-suffix\">+<\/span>\n\t\t\t\t\t<\/div>\n\t\t\t\t\t\t\t\t\t\t\t<div class=\"raven-counter-title\">Munka\u00f3ra<\/div>\n\t\t\t\t\t\t\t\t\t<\/div>\n\t\t\t\t\t<\/div>\n\t\t\t\t\t\t<\/div>\n\t\t\t\t<\/div>\n\t\t\t\t\t<\/div>\n\t\t<\/div>\n\t\t\t\t\t<\/div>\n\t\t<\/section>\n\t\t\t\t<section class=\"elementor-section elementor-top-section elementor-element elementor-element-33b399c elementor-section-boxed elementor-section-height-default elementor-section-height-default\" data-id=\"33b399c\" data-element_type=\"section\" data-e-type=\"section\" data-settings=\"{&quot;jet_parallax_layout_list&quot;:[{&quot;jet_parallax_layout_image&quot;:{&quot;url&quot;:&quot;&quot;,&quot;id&quot;:&quot;&quot;,&quot;size&quot;:&quot;&quot;},&quot;_id&quot;:&quot;c59c2c5&quot;,&quot;jet_parallax_layout_image_tablet&quot;:{&quot;url&quot;:&quot;&quot;,&quot;id&quot;:&quot;&quot;,&quot;size&quot;:&quot;&quot;},&quot;jet_parallax_layout_image_mobile&quot;:{&quot;url&quot;:&quot;&quot;,&quot;id&quot;:&quot;&quot;,&quot;size&quot;:&quot;&quot;},&quot;jet_parallax_layout_speed&quot;:{&quot;unit&quot;:&quot;%&quot;,&quot;size&quot;:&quot;50&quot;,&quot;sizes&quot;:[]},&quot;jet_parallax_layout_type&quot;:&quot;scroll&quot;,&quot;jet_parallax_layout_z_index&quot;:&quot;&quot;,&quot;jet_parallax_layout_bg_x&quot;:&quot;50&quot;,&quot;jet_parallax_layout_bg_y&quot;:&quot;50&quot;,&quot;jet_parallax_layout_bg_size&quot;:&quot;auto&quot;,&quot;jet_parallax_layout_animation_prop&quot;:&quot;transform&quot;,&quot;jet_parallax_layout_on&quot;:[&quot;desktop&quot;,&quot;tablet&quot;],&quot;jet_parallax_layout_direction&quot;:&quot;1&quot;,&quot;jet_parallax_layout_fx_direction&quot;:null,&quot;jet_parallax_layout_bg_x_tablet&quot;:&quot;&quot;,&quot;jet_parallax_layout_bg_x_mobile&quot;:&quot;&quot;,&quot;jet_parallax_layout_bg_y_tablet&quot;:&quot;&quot;,&quot;jet_parallax_layout_bg_y_mobile&quot;:&quot;&quot;,&quot;jet_parallax_layout_bg_size_tablet&quot;:&quot;&quot;,&quot;jet_parallax_layout_bg_size_mobile&quot;:&quot;&quot;}],&quot;background_background&quot;:&quot;classic&quot;}\">\n\t\t\t\t\t\t<div class=\"elementor-container elementor-column-gap-default\">\n\t\t\t\t\t<div class=\"elementor-column elementor-col-100 elementor-top-column elementor-element elementor-element-727f210\" data-id=\"727f210\" data-element_type=\"column\" data-e-type=\"column\">\n\t\t\t<div class=\"elementor-widget-wrap elementor-element-populated\">\n\t\t\t\t\t\t<div class=\"elementor-element elementor-element-7ab1247 elementor-widget elementor-widget-heading\" data-id=\"7ab1247\" data-element_type=\"widget\" data-e-type=\"widget\" data-widget_type=\"heading.default\">\n\t\t\t\t<div class=\"elementor-widget-container\">\n\t\t\t\t\t<h6 class=\"elementor-heading-title elementor-size-default\">\u00dcGYFELEINK<\/h6>\t\t\t\t<\/div>\n\t\t\t\t<\/div>\n\t\t\t\t<div class=\"elementor-element elementor-element-ca44218 elementor-widget elementor-widget-heading\" data-id=\"ca44218\" data-element_type=\"widget\" data-e-type=\"widget\" data-widget_type=\"heading.default\">\n\t\t\t\t<div class=\"elementor-widget-container\">\n\t\t\t\t\t<h2 class=\"elementor-heading-title elementor-size-default\">R\u00f3lunk mondt\u00e1k<\/h2>\t\t\t\t<\/div>\n\t\t\t\t<\/div>\n\t\t\t\t\t<\/div>\n\t\t<\/div>\n\t\t\t\t\t<\/div>\n\t\t<\/section>\n\t\t\t\t<section class=\"elementor-section elementor-top-section elementor-element elementor-element-4f17e3d elementor-section-boxed elementor-section-height-default elementor-section-height-default\" data-id=\"4f17e3d\" data-element_type=\"section\" data-e-type=\"section\" data-settings=\"{&quot;jet_parallax_layout_list&quot;:[{&quot;jet_parallax_layout_image&quot;:{&quot;url&quot;:&quot;&quot;,&quot;id&quot;:&quot;&quot;,&quot;size&quot;:&quot;&quot;},&quot;_id&quot;:&quot;2dca40e&quot;,&quot;jet_parallax_layout_image_tablet&quot;:{&quot;url&quot;:&quot;&quot;,&quot;id&quot;:&quot;&quot;,&quot;size&quot;:&quot;&quot;},&quot;jet_parallax_layout_image_mobile&quot;:{&quot;url&quot;:&quot;&quot;,&quot;id&quot;:&quot;&quot;,&quot;size&quot;:&quot;&quot;},&quot;jet_parallax_layout_speed&quot;:{&quot;unit&quot;:&quot;%&quot;,&quot;size&quot;:&quot;50&quot;,&quot;sizes&quot;:[]},&quot;jet_parallax_layout_type&quot;:&quot;scroll&quot;,&quot;jet_parallax_layout_z_index&quot;:&quot;&quot;,&quot;jet_parallax_layout_bg_x&quot;:&quot;50&quot;,&quot;jet_parallax_layout_bg_y&quot;:&quot;50&quot;,&quot;jet_parallax_layout_bg_size&quot;:&quot;auto&quot;,&quot;jet_parallax_layout_animation_prop&quot;:&quot;transform&quot;,&quot;jet_parallax_layout_on&quot;:[&quot;desktop&quot;,&quot;tablet&quot;],&quot;jet_parallax_layout_direction&quot;:&quot;1&quot;,&quot;jet_parallax_layout_fx_direction&quot;:null,&quot;jet_parallax_layout_bg_x_tablet&quot;:&quot;&quot;,&quot;jet_parallax_layout_bg_x_mobile&quot;:&quot;&quot;,&quot;jet_parallax_layout_bg_y_tablet&quot;:&quot;&quot;,&quot;jet_parallax_layout_bg_y_mobile&quot;:&quot;&quot;,&quot;jet_parallax_layout_bg_size_tablet&quot;:&quot;&quot;,&quot;jet_parallax_layout_bg_size_mobile&quot;:&quot;&quot;}]}\">\n\t\t\t\t\t\t<div class=\"elementor-container elementor-column-gap-no\">\n\t\t\t\t\t<div class=\"elementor-column elementor-col-100 elementor-top-column elementor-element elementor-element-fd8f85b\" data-id=\"fd8f85b\" data-element_type=\"column\" data-e-type=\"column\">\n\t\t\t<div class=\"elementor-widget-wrap elementor-element-populated\">\n\t\t\t\t\t\t<div class=\"elementor-element elementor-element-b05bee0 elementor-widget elementor-widget-jet-testimonials\" data-id=\"b05bee0\" data-element_type=\"widget\" data-e-type=\"widget\" data-settings=\"{&quot;slides_to_show&quot;:&quot;3&quot;,&quot;slides_to_scroll&quot;:&quot;1&quot;}\" data-widget_type=\"jet-testimonials.default\">\n\t\t\t\t<div class=\"elementor-widget-container\">\n\t\t\t\t\t<div class=\"elementor-jet-testimonials jet-elements\">\n<div class=\"jet-testimonials jet-equal-cols\">\n\t<div class=\"jet-testimonials__instance elementor-slick-slider\"data-settings='{&quot;autoplaySpeed&quot;:5000,&quot;autoplay&quot;:false,&quot;infinite&quot;:true,&quot;centerMode&quot;:false,&quot;centerPadding&quot;:&quot;50px&quot;,&quot;adaptiveHeight&quot;:true,&quot;pauseOnHover&quot;:true,&quot;speed&quot;:500,&quot;arrows&quot;:true,&quot;dots&quot;:false,&quot;slidesToScroll&quot;:1,&quot;prevArrow&quot;:&quot;.jet-testimonial__prev-arrow-b05bee0&quot;,&quot;nextArrow&quot;:&quot;.jet-testimonial__next-arrow-b05bee0&quot;,&quot;rtl&quot;:false}' dir=\"ltr\"><div class=\"jet-testimonial__prev-arrow-b05bee0 jet-arrow prev-arrow\"><i aria-hidden=\"true\" class=\"fas fa-arrow-left\"><\/i><\/div><div class=\"jet-testimonial__next-arrow-b05bee0 jet-arrow next-arrow\"><i aria-hidden=\"true\" class=\"fas fa-arrow-right\"><\/i><\/div><div class=\"jet-testimonials__item\">\n\t<div class=\"jet-testimonials__item-inner\">\n\t\t\t\t<div class=\"jet-testimonials__content\"><figure class=\"jet-testimonials__figure\"><img decoding=\"async\" class=\"jet-testimonials__tag-img\" src=\"http:\/\/balancemedia.hu\/wp-content\/uploads\/2020\/04\/balazs.jpg\" alt=\"balazs\" loading=\"lazy\"><\/figure><div class=\"jet-testimonials__comment\">\"2015 \u00f3ta dolgozunk egy\u00fctt, Facebook posztokban, hirdet\u00e9sekben \u00e9s h\u00edrlev\u00e9l marketingben seg\u00edtenek nek\u00fcnk. Gyorsak, seg\u00edt\u0151k\u00e9szek \u00e9s prec\u00edzek. Minden online feladatra van megold\u00e1suk.\"<\/div><div class=\"jet-testimonials__name\"><span>Str\u00f3bl Bal\u00e1zs<\/span><\/div><div class=\"jet-testimonials__position\"><span>\u2014 Tulajdonos, Emaki Web\u00e1ruh\u00e1z<\/span><\/div><\/div>\n\t\t\t<\/div>\n<\/div>\n\n<div class=\"jet-testimonials__item\">\n\t<div class=\"jet-testimonials__item-inner\">\n\t\t\t\t<div class=\"jet-testimonials__content\"><figure class=\"jet-testimonials__figure\"><img decoding=\"async\" class=\"jet-testimonials__tag-img\" src=\"http:\/\/balancemedia.hu\/wp-content\/uploads\/2020\/04\/gina.jpg\" alt=\"gina\" loading=\"lazy\"><\/figure><div class=\"jet-testimonials__comment\">\"Nagyon tetszik, hogy b\u00e1rmit k\u00e9rek t\u0151l\u00fck, azt meg tudj\u00e1k oldani, legyen sz\u00f3 hirdet\u00e9sr\u0151l, sz\u00f6veg\u00edr\u00e1sr\u00f3l vagy egy\u00e9b ad-hoc feladatokr\u00f3l. Facebook- \u00e9s Google hirdet\u00e9seket kezelnek nek\u00fcnk, \u00e9s nagyon el\u00e9gedett vagyok.\" <\/div><div class=\"jet-testimonials__name\"><span>Tak\u00e1cs-G\u00fcnzer Gina<\/span><\/div><div class=\"jet-testimonials__position\"><span>\u2014 G\u00fcnzer Tam\u00e1s Pinc\u00e9szete<\/span><\/div><\/div>\n\t\t\t<\/div>\n<\/div>\n\n<div class=\"jet-testimonials__item\">\n\t<div class=\"jet-testimonials__item-inner\">\n\t\t\t\t<div class=\"jet-testimonials__content\"><figure class=\"jet-testimonials__figure\"><a href=\"https:\/\/respirit-pilates.com\"><img decoding=\"async\" class=\"jet-testimonials__tag-img\" src=\"http:\/\/balancemedia.hu\/wp-content\/uploads\/2020\/05\/balla-piroska.jpg\" alt=\"balla-piroska\" loading=\"lazy\"><\/a><\/figure><div class=\"jet-testimonials__comment\">\"P\u00e1r \u00e9ve hirdet\u00e9s alapj\u00e1n tal\u00e1ltam meg a csapatot, szerintem ez mindent elmond. Az\u00f3ta \u0151k kezelik a Facebook-, Instagram \u00e9s Google oldalaimat, hirdet\u00e9seimet \u00e9s egy szuper honlapot is k\u00e9sz\u00edtettek nekem.\"<\/div><div class=\"jet-testimonials__name\"><a href=\"https:\/\/respirit-pilates.com\"><span>Balla Piroska<\/span><\/a><\/div><div class=\"jet-testimonials__position\"><span>\u2014 tulajdonos, Respirit Pilates Luxemburg<\/span><\/div><\/div>\n\t\t\t<\/div>\n<\/div>\n\n<\/div>\n<\/div>\n<\/div>\t\t\t\t<\/div>\n\t\t\t\t<\/div>\n\t\t\t\t\t<\/div>\n\t\t<\/div>\n\t\t\t\t\t<\/div>\n\t\t<\/section>\n\t\t\t\t<\/div>\n\t\t","protected":false},"excerpt":{"rendered":"<p>R\u00f3lunk Mi\u00e9rt v\u00e1lasszon minket? Seg\u00edt\u00fcnk n\u00f6velni elad\u00e1sait T\u00f6bb, mint t\u00edz \u00e9ve foglalkozunk online marketinggel, ezen bel\u00fcl Facebook posztol\u00e1ssal, Facebook hirdet\u00e9ssel \u00e9s Google hirdet\u00e9ssel, enn\u00e9l is r\u00e9gebben honlapk\u00e9sz\u00edt\u00e9ssel. Ez az id\u0151szak \u00f3ri\u00e1si tapasztalatokat adott nek\u00fcnk \u00e9s a kezdeti kih\u00edv\u00e1sok megmutatt\u00e1k, hogy profi munk\u00e1t csak profi csapattal vagyunk k\u00e9pesek kiemelked\u0151en elv\u00e9gezni. \u00c9ppen ez\u00e9rt egyed\u00fcl\u00e1ll\u00f3 m\u00f3don elmondhatjuk magunkr\u00f3l, [&hellip;]<\/p>\n","protected":false},"author":1,"featured_media":0,"parent":0,"menu_order":0,"comment_status":"closed","ping_status":"closed","template":"full-width.php","meta":{"footnotes":""},"class_list":["post-22","page","type-page","status-publish","hentry"],"_links":{"self":[{"href":"https:\/\/balancemedia.hu\/en\/wp-json\/wp\/v2\/pages\/22","targetHints":{"allow":["GET"]}}],"collection":[{"href":"https:\/\/balancemedia.hu\/en\/wp-json\/wp\/v2\/pages"}],"about":[{"href":"https:\/\/balancemedia.hu\/en\/wp-json\/wp\/v2\/types\/page"}],"author":[{"embeddable":true,"href":"https:\/\/balancemedia.hu\/en\/wp-json\/wp\/v2\/users\/1"}],"replies":[{"embeddable":true,"href":"https:\/\/balancemedia.hu\/en\/wp-json\/wp\/v2\/comments?post=22"}],"version-history":[{"count":3,"href":"https:\/\/balancemedia.hu\/en\/wp-json\/wp\/v2\/pages\/22\/revisions"}],"predecessor-version":[{"id":1954,"href":"https:\/\/balancemedia.hu\/en\/wp-json\/wp\/v2\/pages\/22\/revisions\/1954"}],"wp:attachment":[{"href":"https:\/\/balancemedia.hu\/en\/wp-json\/wp\/v2\/media?parent=22"}],"curies":[{"name":"wp","href":"https:\/\/api.w.org\/{rel}","templated":true}]}}