{"id":1312,"date":"2020-05-25T11:50:18","date_gmt":"2020-05-25T09:50:18","guid":{"rendered":"http:\/\/balancemedia.hu\/?page_id=1312"},"modified":"2020-05-25T11:51:31","modified_gmt":"2020-05-25T09:51:31","slug":"cookie-szabalyzat","status":"publish","type":"page","link":"https:\/\/balancemedia.hu\/en\/cookie-szabalyzat\/","title":{"rendered":"Cookie Policy"},"content":{"rendered":"\t\t<div data-elementor-type=\"wp-page\" data-elementor-id=\"1312\" class=\"elementor elementor-1312\" data-elementor-post-type=\"page\">\n\t\t\t\t\t\t<section class=\"elementor-section elementor-top-section elementor-element elementor-element-d1fe8d2 elementor-section-boxed elementor-section-height-default elementor-section-height-default\" data-id=\"d1fe8d2\" data-element_type=\"section\" data-e-type=\"section\" data-settings=\"{&quot;jet_parallax_layout_list&quot;:[{&quot;jet_parallax_layout_image&quot;:{&quot;url&quot;:&quot;&quot;,&quot;id&quot;:&quot;&quot;,&quot;size&quot;:&quot;&quot;},&quot;_id&quot;:&quot;1835720&quot;,&quot;jet_parallax_layout_image_tablet&quot;:{&quot;url&quot;:&quot;&quot;,&quot;id&quot;:&quot;&quot;,&quot;size&quot;:&quot;&quot;},&quot;jet_parallax_layout_image_mobile&quot;:{&quot;url&quot;:&quot;&quot;,&quot;id&quot;:&quot;&quot;,&quot;size&quot;:&quot;&quot;},&quot;jet_parallax_layout_speed&quot;:{&quot;unit&quot;:&quot;%&quot;,&quot;size&quot;:50,&quot;sizes&quot;:[]},&quot;jet_parallax_layout_type&quot;:&quot;scroll&quot;,&quot;jet_parallax_layout_direction&quot;:&quot;1&quot;,&quot;jet_parallax_layout_fx_direction&quot;:null,&quot;jet_parallax_layout_z_index&quot;:&quot;&quot;,&quot;jet_parallax_layout_bg_x&quot;:50,&quot;jet_parallax_layout_bg_y&quot;:50,&quot;jet_parallax_layout_bg_size&quot;:&quot;auto&quot;,&quot;jet_parallax_layout_animation_prop&quot;:&quot;transform&quot;,&quot;jet_parallax_layout_on&quot;:[&quot;desktop&quot;,&quot;tablet&quot;],&quot;jet_parallax_layout_bg_x_tablet&quot;:&quot;&quot;,&quot;jet_parallax_layout_bg_x_mobile&quot;:&quot;&quot;,&quot;jet_parallax_layout_bg_y_tablet&quot;:&quot;&quot;,&quot;jet_parallax_layout_bg_y_mobile&quot;:&quot;&quot;,&quot;jet_parallax_layout_bg_size_tablet&quot;:&quot;&quot;,&quot;jet_parallax_layout_bg_size_mobile&quot;:&quot;&quot;}]}\">\n\t\t\t\t\t\t<div class=\"elementor-container elementor-column-gap-default\">\n\t\t\t\t\t<div class=\"elementor-column elementor-col-100 elementor-top-column elementor-element elementor-element-5d545f2\" data-id=\"5d545f2\" data-element_type=\"column\" data-e-type=\"column\">\n\t\t\t<div class=\"elementor-widget-wrap elementor-element-populated\">\n\t\t\t\t\t\t<div class=\"elementor-element elementor-element-e5964f4 elementor-widget elementor-widget-heading\" data-id=\"e5964f4\" data-element_type=\"widget\" data-e-type=\"widget\" data-widget_type=\"heading.default\">\n\t\t\t\t<div class=\"elementor-widget-container\">\n\t\t\t\t\t<h2 class=\"elementor-heading-title elementor-size-default\">Cookie szab\u00e1lyzat<\/h2>\t\t\t\t<\/div>\n\t\t\t\t<\/div>\n\t\t\t\t\t<\/div>\n\t\t<\/div>\n\t\t\t\t\t<\/div>\n\t\t<\/section>\n\t\t\t\t<section class=\"elementor-section elementor-top-section elementor-element elementor-element-5041cdd elementor-section-boxed elementor-section-height-default elementor-section-height-default\" data-id=\"5041cdd\" data-element_type=\"section\" data-e-type=\"section\" data-settings=\"{&quot;jet_parallax_layout_list&quot;:[{&quot;jet_parallax_layout_image&quot;:{&quot;url&quot;:&quot;&quot;,&quot;id&quot;:&quot;&quot;,&quot;size&quot;:&quot;&quot;},&quot;_id&quot;:&quot;2bcefb3&quot;,&quot;jet_parallax_layout_image_tablet&quot;:{&quot;url&quot;:&quot;&quot;,&quot;id&quot;:&quot;&quot;,&quot;size&quot;:&quot;&quot;},&quot;jet_parallax_layout_image_mobile&quot;:{&quot;url&quot;:&quot;&quot;,&quot;id&quot;:&quot;&quot;,&quot;size&quot;:&quot;&quot;},&quot;jet_parallax_layout_speed&quot;:{&quot;unit&quot;:&quot;%&quot;,&quot;size&quot;:50,&quot;sizes&quot;:[]},&quot;jet_parallax_layout_type&quot;:&quot;scroll&quot;,&quot;jet_parallax_layout_direction&quot;:&quot;1&quot;,&quot;jet_parallax_layout_fx_direction&quot;:null,&quot;jet_parallax_layout_z_index&quot;:&quot;&quot;,&quot;jet_parallax_layout_bg_x&quot;:50,&quot;jet_parallax_layout_bg_y&quot;:50,&quot;jet_parallax_layout_bg_size&quot;:&quot;auto&quot;,&quot;jet_parallax_layout_animation_prop&quot;:&quot;transform&quot;,&quot;jet_parallax_layout_on&quot;:[&quot;desktop&quot;,&quot;tablet&quot;],&quot;jet_parallax_layout_bg_x_tablet&quot;:&quot;&quot;,&quot;jet_parallax_layout_bg_x_mobile&quot;:&quot;&quot;,&quot;jet_parallax_layout_bg_y_tablet&quot;:&quot;&quot;,&quot;jet_parallax_layout_bg_y_mobile&quot;:&quot;&quot;,&quot;jet_parallax_layout_bg_size_tablet&quot;:&quot;&quot;,&quot;jet_parallax_layout_bg_size_mobile&quot;:&quot;&quot;}]}\">\n\t\t\t\t\t\t<div class=\"elementor-container elementor-column-gap-default\">\n\t\t\t\t\t<div class=\"elementor-column elementor-col-100 elementor-top-column elementor-element elementor-element-0959fee\" data-id=\"0959fee\" data-element_type=\"column\" data-e-type=\"column\">\n\t\t\t<div class=\"elementor-widget-wrap elementor-element-populated\">\n\t\t\t\t\t\t<div class=\"elementor-element elementor-element-c7fbd9c elementor-widget elementor-widget-text-editor\" data-id=\"c7fbd9c\" data-element_type=\"widget\" data-e-type=\"widget\" data-widget_type=\"text-editor.default\">\n\t\t\t\t<div class=\"elementor-widget-container\">\n\t\t\t\t\t\t\t\t\t<p><strong>Mi is az a s\u00fcti?<\/strong><\/p><p>A s\u00fcti (cookie) egy kis f\u00e1jl, amely akkor ker\u00fcl a sz\u00e1m\u00edt\u00f3g\u00e9pre, amikor \u00d6n egy webhelyet l\u00e1togat meg. A s\u00fctik sz\u00e1mtalan funkci\u00f3val rendelkeznek. T\u00f6bbek k\u00f6z\u00f6tt inform\u00e1ci\u00f3t gy\u0171jtenek, megjegyzik a l\u00e1togat\u00f3 egy\u00e9ni be\u00e1ll\u00edt\u00e1sait, felhaszn\u00e1l\u00e1sra ker\u00fclnek pl. az online bev\u00e1s\u00e1rl\u00f3kosarak haszn\u00e1latakor, \u00e9s \u00e1ltal\u00e1noss\u00e1gban megk\u00f6nny\u00edtik a weboldal haszn\u00e1lat\u00e1t a felhaszn\u00e1l\u00f3k sz\u00e1m\u00e1ra.<\/p><p><strong>A Zplusz-Keszi Bt. milyen s\u00fctiket \u00e9s mire haszn\u00e1l?<\/strong><\/p><p>A <strong>Zplusz-Keszi Bt.<\/strong>\u00a0a s\u00fctiket a k\u00f6vetkez\u0151 c\u00e9lokb\u00f3l haszn\u00e1lja<\/p><ul><li>inform\u00e1ci\u00f3 gy\u0171jt\u00e9se azzal kapcsolatban, hogyan haszn\u00e1lja \u00d6n a weboldalt \u2013 annak felm\u00e9r\u00e9s\u00e9vel, hogy weboldalunk melyik r\u00e9szeit l\u00e1togatja vagy haszn\u00e1lja legink\u00e1bb, \u00edgy megtudhatjuk, hogyan biztos\u00edtsunk \u00d6nnek m\u00e9g jobb felhaszn\u00e1l\u00f3i \u00e9lm\u00e9nyt, ha ism\u00e9t megl\u00e1togatja oldalunkat,<\/li><li>weboldalunk fejleszt\u00e9se,<\/li><li>az \u00d6n navig\u00e1ci\u00f3j\u00e1nak megk\u00f6nny\u00edt\u00e9se weboldalunkon \u00e9s annak funkci\u00f3inak haszn\u00e1lata sor\u00e1n, \u00edgy biztos\u00edtva a z\u00f6kken\u0151mentes felhaszn\u00e1l\u00f3i \u00e9lm\u00e9nyt,<\/li><li>c\u00e9lzott hirdet\u00e9sek elhelyez\u00e9se m\u00e1s weboldalakon.<\/li><\/ul><p>Felt\u00e9tlen\u00fcl sz\u00fcks\u00e9ges, munkamenet (session) s\u00fctik<\/p><p>Ezek a s\u00fctik ahhoz sz\u00fcks\u00e9gesek, hogy a felhaszn\u00e1l\u00f3k b\u00f6ng\u00e9szhess\u00e9k weboldalunkat, haszn\u00e1lj\u00e1k annak funkci\u00f3t, pl. t\u00f6bbek k\u00f6z\u00f6tt az \u00d6n \u00e1ltal adott oldalakon v\u00e9gzett m\u0171veletek megjegyz\u00e9s\u00e9t egy l\u00e1togat\u00e1s sor\u00e1n. Ezen s\u00fctik \u00e9rv\u00e9nyess\u00e9gi ideje kiz\u00e1r\u00f3lag az \u00d6n aktu\u00e1lis l\u00e1togat\u00e1s\u00e1ra vonatkozik, a munkamenet v\u00e9gezt\u00e9vel, illetve a b\u00f6ng\u00e9sz\u0151 bez\u00e1r\u00e1s\u00e1val a s\u00fctik e fajt\u00e1ja automatikusan t\u00f6rl\u0151dik a sz\u00e1m\u00edt\u00f3g\u00e9p\u00e9r\u0151l.<\/p><p>Ne feledje, ezen cookie-k alkalmaz\u00e1sa n\u00e9lk\u00fcl nem tudjuk garant\u00e1lni \u00d6nnek weboldalunk haszn\u00e1lat\u00e1t.<\/p><p>Teljes\u00edtm\u00e9nyt biztos\u00edt\u00f3 s\u00fctik<\/p><p>A Google Analytics s\u00fctiket arra haszn\u00e1ljuk, hogy inform\u00e1ci\u00f3t gy\u0171jts\u00fcnk azzal kapcsolatban, hogyan haszn\u00e1lj\u00e1k l\u00e1togat\u00f3ink weboldalunkat. Ezek a s\u00fctik nem tudj\u00e1k \u00d6nt szem\u00e9ly szerint beazonos\u00edtani (az \u00e9ppen haszn\u00e1lt IP c\u00edmet is csak r\u00e9szben r\u00f6gz\u00edtik), olyan inform\u00e1ci\u00f3kat gy\u0171jtenek, mint pl. hogy melyik oldalt n\u00e9zett meg a l\u00e1togat\u00f3nk, a felhaszn\u00e1l\u00f3 a weboldal mely r\u00e9sz\u00e9re kattintott, h\u00e1ny oldalt keresett fel, milyen hossz\u00fa volt az egyes munkamenetek megtekint\u00e9si ideje, melyek voltak az esetleges hiba\u00fczenetek \u2013 mindezt weboldalunk fejleszt\u00e9s\u00e9nek, valamint a felhaszn\u00e1l\u00f3k sz\u00e1m\u00e1ra biztos\u00edtott \u00e9lm\u00e9nyek jav\u00edt\u00e1s\u00e1nak c\u00e9lj\u00e1val.<\/p><p>A Google Analytics s\u00fctikkel kapcsolatos tov\u00e1bbi tudnival\u00f3k \u00e9rdek\u00e9ben k\u00e9rj\u00fck,\u00a0<a href=\"https:\/\/developers.google.com\/analytics\/devguides\/collection\/analyticsjs\/cookie-usage\" target=\"_blank\" rel=\"noopener noreferrer\">kattintson ide<\/a>.<\/p><p><strong>Hogyan ellen\u0151rizheti \u00e9s hogyan tudja kikapcsolnia a s\u00fctiket?<\/strong><\/p><p>Minden modern b\u00f6ng\u00e9sz\u0151 enged\u00e9lyezi a s\u00fctik be\u00e1ll\u00edt\u00e1s\u00e1nak a v\u00e1ltoztat\u00e1s\u00e1t. A legt\u00f6bb b\u00f6ng\u00e9sz\u0151 alap\u00e9rtelmezettk\u00e9nt automatikusan elfogadja a s\u00fctiket, de ezek \u00e1ltal\u00e1ban megv\u00e1ltoztathat\u00f3ak, hogy megakad\u00e1lyozza az automatikus elfogad\u00e1st \u00e9s minden alkalommal felaj\u00e1nlja a v\u00e1laszt\u00e1s lehet\u0151s\u00e9g\u00e9t, hogy szeretne vagy nem s\u00fctiket enged\u00e9lyezni.<\/p><p>Felh\u00edvjuk figyelm\u00e9t, hogy mivel a s\u00fctik c\u00e9lja weboldalunk haszn\u00e1lhat\u00f3s\u00e1g\u00e1nak \u00e9s folyamatainak megk\u00f6nny\u00edt\u00e9se vagy lehet\u0151v\u00e9 t\u00e9tele, a cookie-k alkalmaz\u00e1s\u00e1nak megakad\u00e1lyoz\u00e1sa vagy t\u00f6rl\u00e9se \u00e1ltal el\u0151fordulhat, hogy felhaszn\u00e1l\u00f3ink nem lesznek k\u00e9pesek weboldalunk funkci\u00f3inak teljes k\u00f6r\u0171 haszn\u00e1lat\u00e1ra, illetve hogy a weboldal a tervezett\u0151l elt\u00e9r\u0151en fog m\u0171k\u00f6dni b\u00f6ng\u00e9sz\u0151j\u00e9ben.<\/p><p>A legn\u00e9pszer\u0171bb b\u00f6ng\u00e9sz\u0151k s\u00fcti be\u00e1ll\u00edt\u00e1sair\u00f3l az al\u00e1bbi linkeken t\u00e1j\u00e9koz\u00f3dhat:<\/p><ul><li><a href=\"https:\/\/support.google.com\/accounts\/answer\/61416?hl=hu\">Google Chrome<\/a><\/li><li><a href=\"https:\/\/support.mozilla.org\/hu\/kb\/S%C3%BCtik%20kezel%C3%A9se\">Firefox<\/a><\/li><li><a href=\"https:\/\/windows.microsoft.com\/hu-hu\/internet-explorer\/delete-manage-cookies#ie=ie-11\">Internet Explorer 11<\/a><\/li><li><a href=\"https:\/\/windows.microsoft.com\/hu-hu\/internet-explorer\/delete-manage-cookies#ie=ie-10\">Internet Explorer 10<\/a><\/li><li><a href=\"https:\/\/support.apple.com\/kb\/index?page=search&amp;q=cookies%20safari\">Safari<\/a><\/li><\/ul>\t\t\t\t\t\t\t\t<\/div>\n\t\t\t\t<\/div>\n\t\t\t\t\t<\/div>\n\t\t<\/div>\n\t\t\t\t\t<\/div>\n\t\t<\/section>\n\t\t\t\t<\/div>\n\t\t","protected":false},"excerpt":{"rendered":"<p>Cookie szab\u00e1lyzat Mi is az a s\u00fcti? A s\u00fcti (cookie) egy kis f\u00e1jl, amely akkor ker\u00fcl a sz\u00e1m\u00edt\u00f3g\u00e9pre, amikor \u00d6n egy webhelyet l\u00e1togat meg. A s\u00fctik sz\u00e1mtalan funkci\u00f3val rendelkeznek. T\u00f6bbek k\u00f6z\u00f6tt inform\u00e1ci\u00f3t gy\u0171jtenek, megjegyzik a l\u00e1togat\u00f3 egy\u00e9ni be\u00e1ll\u00edt\u00e1sait, felhaszn\u00e1l\u00e1sra ker\u00fclnek pl. az online bev\u00e1s\u00e1rl\u00f3kosarak haszn\u00e1latakor, \u00e9s \u00e1ltal\u00e1noss\u00e1gban megk\u00f6nny\u00edtik a weboldal haszn\u00e1lat\u00e1t a felhaszn\u00e1l\u00f3k sz\u00e1m\u00e1ra. A [&hellip;]<\/p>\n","protected":false},"author":1,"featured_media":0,"parent":0,"menu_order":0,"comment_status":"closed","ping_status":"closed","template":"","meta":{"footnotes":""},"class_list":["post-1312","page","type-page","status-publish","hentry"],"_links":{"self":[{"href":"https:\/\/balancemedia.hu\/en\/wp-json\/wp\/v2\/pages\/1312","targetHints":{"allow":["GET"]}}],"collection":[{"href":"https:\/\/balancemedia.hu\/en\/wp-json\/wp\/v2\/pages"}],"about":[{"href":"https:\/\/balancemedia.hu\/en\/wp-json\/wp\/v2\/types\/page"}],"author":[{"embeddable":true,"href":"https:\/\/balancemedia.hu\/en\/wp-json\/wp\/v2\/users\/1"}],"replies":[{"embeddable":true,"href":"https:\/\/balancemedia.hu\/en\/wp-json\/wp\/v2\/comments?post=1312"}],"version-history":[{"count":0,"href":"https:\/\/balancemedia.hu\/en\/wp-json\/wp\/v2\/pages\/1312\/revisions"}],"wp:attachment":[{"href":"https:\/\/balancemedia.hu\/en\/wp-json\/wp\/v2\/media?parent=1312"}],"curies":[{"name":"wp","href":"https:\/\/api.w.org\/{rel}","templated":true}]}}